{"id":3094,"date":"2024-05-24T10:28:38","date_gmt":"2024-05-24T10:28:38","guid":{"rendered":"https:\/\/eilof-gmbh.com\/impressum\/"},"modified":"2025-01-08T07:01:36","modified_gmt":"2025-01-08T07:01:36","slug":"impressum","status":"publish","type":"page","link":"https:\/\/eilof-gmbh.com\/en\/impressum\/","title":{"rendered":"Impressum"},"content":{"rendered":"\t\t<div data-elementor-type=\"wp-page\" data-elementor-id=\"3094\" class=\"elementor elementor-3094 elementor-3089\">\n\t\t\t\t<div class=\"elementor-element elementor-element-5589bad e-flex e-con-boxed e-con e-parent\" data-id=\"5589bad\" data-element_type=\"container\">\n\t\t\t\t\t<div class=\"e-con-inner\">\n\t\t\t\t<div class=\"elementor-element elementor-element-77e7377 elementor-widget elementor-widget-heading\" data-id=\"77e7377\" data-element_type=\"widget\" data-widget_type=\"heading.default\">\n\t\t\t\t<div class=\"elementor-widget-container\">\n\t\t\t\t\t<h2 class=\"elementor-heading-title elementor-size-default\">Impressum<\/h2>\t\t\t\t<\/div>\n\t\t\t\t<\/div>\n\t\t\t\t\t<\/div>\n\t\t\t\t<\/div>\n\t\t\t\t<section class=\"elementor-section elementor-top-section elementor-element elementor-element-e127fa1 elementor-section-boxed elementor-section-height-default elementor-section-height-default\" data-id=\"e127fa1\" data-element_type=\"section\">\n\t\t\t\t\t\t<div class=\"elementor-container elementor-column-gap-default\">\n\t\t\t\t\t<div class=\"elementor-column elementor-col-100 elementor-top-column elementor-element elementor-element-12ac438\" data-id=\"12ac438\" data-element_type=\"column\">\n\t\t\t<div class=\"elementor-widget-wrap elementor-element-populated\">\n\t\t\t\t\t\t<div class=\"elementor-element elementor-element-538fe1f elementor-widget elementor-widget-text-editor\" data-id=\"538fe1f\" data-element_type=\"widget\" data-widget_type=\"text-editor.default\">\n\t\t\t\t<div class=\"elementor-widget-container\">\n\t\t\t\t\t\t\t\t\t<p><b>Eilof Gmbh<\/b><\/p><p>Biberweg 6 53842 Troisdorf<br \/>tel +49-221-98942650<br \/><a href=\"mailto:info@eilof-gmbh.com\">info@eilof-gmbh.com<\/a><\/p><hr \/><p><b>Sitz der Gesellschaft:<\/b>\u00a0Troisdorf<\/p><p>Amtsgericht Siegburg \u00b7\u00a0HRB 15052<br \/>Ust-IdNr.: DE 319672269<\/p><p><b>Vertreten durch:\u00a0<\/b>Herr Steffen Harf, Gesch\u00e4ftsf\u00fchrer<\/p><hr \/><h3>Online-Streitbeilegung<\/h3><p>Die Europ\u00e4ische Kommission stellt unter\u00a0<a href=\"https:\/\/ec.europa.eu\/consumers\/odr\/\" target=\"_blank\" rel=\"noopener\">https:\/\/ec.europa.eu\/consumers\/odr\/<\/a>\u00a0eine Plattform zur Online-Streitbeilegung bereit, die Verbraucher f\u00fcr die Beilegung einer Streitigkeit nutzen k\u00f6nnen und auf der weitere Informationen zum Thema Streitschlichtung zu finden sind.<\/p><hr \/><h3>Au\u00dfergerichtliche Streitbeilegung<\/h3><p>Wir sind weder verpflichtet noch dazu bereit, im Falle einer Streitigkeit mit einem Verbraucher an einem Streitbeilegungsverfahren vor einer Verbraucherschlichtungsstelle teilzunehmen.<\/p><hr \/><h3>Haftung f\u00fcr Links<\/h3><p>Unser Angebot enth\u00e4lt Links zu externen Webseiten Dritter, auf deren Inhalte wir keinen Einfluss haben. Deshalb k\u00f6nnen wir f\u00fcr diese fremden Inhalte auch keine Gew\u00e4hr \u00fcbernehmen. F\u00fcr die Inhalte der verlinkten Seiten ist stets der jeweilige Anbieter oder Betreiber der Seiten verantwortlich. Die verlinkten Seiten wurden zum Zeitpunkt der Verlinkung auf m\u00f6gliche Rechtsverst\u00f6\u00dfe \u00fcberpr\u00fcft. Rechtswidrige Inhalte waren zum Zeitpunkt der Verlinkung nicht erkennbar. Eine permanente inhaltliche Kontrolle der verlinkten Seiten ist jedoch ohne konkrete Anhaltspunkte einer Rechtsverletzung nicht zumutbar. Bei Bekanntwerden von Rechtsverletzungen werden wir derartige Links umgehend entfernen.<\/p>\t\t\t\t\t\t\t\t<\/div>\n\t\t\t\t<\/div>\n\t\t\t\t\t<\/div>\n\t\t<\/div>\n\t\t\t\t\t<\/div>\n\t\t<\/section>\n\t\t\t\t<\/div>\n\t\t","protected":false},"excerpt":{"rendered":"<p>Impressum Eilof Gmbh Biberweg 6 53842 Troisdorftel +49-221-98942650info@eilof-gmbh.com Sitz der Gesellschaft:\u00a0Troisdorf Amtsgericht Siegburg \u00b7\u00a0HRB 15052Ust-IdNr.: DE 319672269 Vertreten durch:\u00a0Herr Steffen Harf, Gesch\u00e4ftsf\u00fchrer Online-Streitbeilegung Die Europ\u00e4ische Kommission stellt unter\u00a0https:\/\/ec.europa.eu\/consumers\/odr\/\u00a0eine Plattform zur [&hellip;]<\/p>\n","protected":false},"author":2,"featured_media":0,"parent":0,"menu_order":0,"comment_status":"closed","ping_status":"closed","template":"","meta":{"footnotes":""},"class_list":["post-3094","page","type-page","status-publish","hentry"],"_links":{"self":[{"href":"https:\/\/eilof-gmbh.com\/en\/wp-json\/wp\/v2\/pages\/3094","targetHints":{"allow":["GET"]}}],"collection":[{"href":"https:\/\/eilof-gmbh.com\/en\/wp-json\/wp\/v2\/pages"}],"about":[{"href":"https:\/\/eilof-gmbh.com\/en\/wp-json\/wp\/v2\/types\/page"}],"author":[{"embeddable":true,"href":"https:\/\/eilof-gmbh.com\/en\/wp-json\/wp\/v2\/users\/2"}],"replies":[{"embeddable":true,"href":"https:\/\/eilof-gmbh.com\/en\/wp-json\/wp\/v2\/comments?post=3094"}],"version-history":[{"count":8,"href":"https:\/\/eilof-gmbh.com\/en\/wp-json\/wp\/v2\/pages\/3094\/revisions"}],"predecessor-version":[{"id":3369,"href":"https:\/\/eilof-gmbh.com\/en\/wp-json\/wp\/v2\/pages\/3094\/revisions\/3369"}],"wp:attachment":[{"href":"https:\/\/eilof-gmbh.com\/en\/wp-json\/wp\/v2\/media?parent=3094"}],"curies":[{"name":"wp","href":"https:\/\/api.w.org\/{rel}","templated":true}]}}