{"id":3083,"date":"2024-09-01T10:14:03","date_gmt":"2024-09-01T10:14:03","guid":{"rendered":"https:\/\/eilof-gmbh.com\/datenschutz\/"},"modified":"2024-09-16T12:53:44","modified_gmt":"2024-09-16T12:53:44","slug":"datenschutz","status":"publish","type":"page","link":"https:\/\/eilof-gmbh.com\/en\/datenschutz\/","title":{"rendered":"Datenschutz"},"content":{"rendered":"\t\t<div data-elementor-type=\"wp-page\" data-elementor-id=\"3083\" class=\"elementor elementor-3083 elementor-3075\">\n\t\t\t\t<div class=\"elementor-element elementor-element-5589bad e-flex e-con-boxed e-con e-parent\" data-id=\"5589bad\" data-element_type=\"container\">\n\t\t\t\t\t<div class=\"e-con-inner\">\n\t\t\t\t<div class=\"elementor-element elementor-element-77e7377 elementor-widget elementor-widget-heading\" data-id=\"77e7377\" data-element_type=\"widget\" data-widget_type=\"heading.default\">\n\t\t\t\t<div class=\"elementor-widget-container\">\n\t\t\t\t\t<h2 class=\"elementor-heading-title elementor-size-default\">Datenschutz<\/h2>\t\t\t\t<\/div>\n\t\t\t\t<\/div>\n\t\t\t\t\t<\/div>\n\t\t\t\t<\/div>\n\t\t\t\t<section class=\"elementor-section elementor-top-section elementor-element elementor-element-e127fa1 elementor-section-boxed elementor-section-height-default elementor-section-height-default\" data-id=\"e127fa1\" data-element_type=\"section\">\n\t\t\t\t\t\t<div class=\"elementor-container elementor-column-gap-default\">\n\t\t\t\t\t<div class=\"elementor-column elementor-col-100 elementor-top-column elementor-element elementor-element-12ac438\" data-id=\"12ac438\" data-element_type=\"column\">\n\t\t\t<div class=\"elementor-widget-wrap elementor-element-populated\">\n\t\t\t\t\t\t<div class=\"elementor-element elementor-element-538fe1f elementor-widget elementor-widget-text-editor\" data-id=\"538fe1f\" data-element_type=\"widget\" data-widget_type=\"text-editor.default\">\n\t\t\t\t<div class=\"elementor-widget-container\">\n\t\t\t\t\t\t\t\t\t<p>Wir freuen uns, dass Sie unsere Website besuchen. Der Schutz und die Sicherheit Ihrer pers\u00f6nlichen Informationen bei der Nutzung unserer Website ist f\u00fcr uns sehr wichtig. Wir m\u00f6chten Sie daher an dieser Stelle dar\u00fcber informieren, welche Ihrer personenbezogenen Daten wir beim Besuch unserer Website erfassen und f\u00fcr welche Zwecke diese verwendet werden.<\/p><p>Diese Datenschutzerkl\u00e4rung gilt f\u00fcr das Internetangebot der Eilof Gmbh Domain <a href=\"http:\/\/eilof-gmbh.com\">www.eilof-gmbh.com<\/a> sowie den verschiedenen Subdomains erreichbar ist.<\/p><hr \/><h2>Wer ist verantwortlich und wie erreiche ich Sie?<\/h2><h3>Verantwortlicher<\/h3><p>f\u00fcr die Verarbeitung personenbezogener Daten im Sinne der EU-Datenschutz-Grundverordnung (DSGVO)<\/p><p><strong>Eilof Gmbh<\/strong><\/p><p>Biberweg 6 53842 Troisdorf<br \/>DE<br \/>tel +49-221-98942650<br \/><a href=\"mailto:info@eilof-gmbh.com\">info@eilof-gmbh.com<\/a><\/p><h3>Datenschutzbeauftragte\/r<\/h3><p><strong>AGAD Service GmbH<\/strong><br \/>Biberweg 6 53842 Troisdorf<br \/>DE<br \/><a href=\"mailto:info@eilof-gmbh.com\">info@eilof-gmbh.com<\/a><\/p><hr \/><h2>Worum geht es?<\/h2><p>Diese Datenschutzerkl\u00e4rung erf\u00fcllt die gesetzlichen Anforderungen an die Transparenz bei der Verarbeitung personenbezogener Daten. Dies sind alle Informationen, die sich auf eine identifizierte oder identifizierbare nat\u00fcrliche Person beziehen. Hierzu geh\u00f6ren beispielsweise Informationen wie Ihr Name, Ihr Alter, Ihre Anschrift, Ihre Telefonnummer, Ihr Geburtsdatum, Ihre E-Mail-Adresse, Ihre IP-Adresse oder das Nutzerverhalten beim Besuch einer Website. Informationen, bei denen wir keinen (oder nur mit einem unverh\u00e4ltnism\u00e4\u00dfigen Aufwand) Bezug zu Ihrer Person herstellen k\u00f6nnen, z.B. durch Anonymisierung, sind keine personenbezogenen Daten. Die Verarbeitung von personenbezogenen Daten (bspw. das Erheben, das Abfragen, die Verwendung, die Speicherung oder die \u00dcbermittlung) bedarf immer einer gesetzlichen Grundlage und eines definierten Zwecks.<\/p><p>Gespeicherte personenbezogene Daten werden gel\u00f6scht, sobald der Zweck der Verarbeitung erreicht wurde und es keine rechtm\u00e4\u00dfigen Gr\u00fcnde f\u00fcr eine weitere Aufbewahrung der Daten gibt. Wir informieren Sie in den einzelnen Verarbeitungsvorg\u00e4ngen \u00fcber die konkreten Speicherfristen bzw. Kriterien f\u00fcr die Speicherung. Unabh\u00e4ngig davon, speichern wir Ihre personenbezogenen in Einzelf\u00e4llen zur Geltendmachung, Aus\u00fcbung oder Verteidigung von Rechtsanspr\u00fcchen und bei Vorliegen gesetzlicher Aufbewahrungspflichten.<\/p><hr \/><h2>Wer bekommt meine Daten?<\/h2><p>Wir geben Ihre personenbezogenen Daten, die wir auf unserer Website verarbeiten nur dann an Dritte weiter, wenn dies f\u00fcr die Erf\u00fcllung der Zwecke erforderlich ist und im Einzelfall von der Rechtsgrundlage (z.B. Einwilligung oder Wahrung berechtigter Interessen) erfasst ist. Dar\u00fcber hinaus geben wir im Einzelfall personenbezogene Daten an Dritte weiter, wenn dies der Geltendmachung, Aus\u00fcbung oder Verteidigung von Rechtsanspr\u00fcchen dient. M\u00f6gliche Empf\u00e4nger k\u00f6nnen dann z.B. Strafverfolgungsbeh\u00f6rden, Rechtsanw\u00e4lte, Wirtschaftspr\u00fcfer, Gerichte usw. sein.<\/p><p>Soweit wir f\u00fcr den Betrieb unserer Website Dienstleister einsetzen, die im Rahmen einer Auftragsverarbeitung in unserem Auftrag personenbezogene Daten gem. Art. 28 DSGVO verarbeiten, k\u00f6nnen diese Empf\u00e4nger Ihrer personenbezogenen Daten sein. N\u00e4here Informationen zum Einsatz von Auftragsverarbeitern sowie von Webdiensten erhalten Sie in der \u00dcbersicht der einzelnen Verarbeitungsvorg\u00e4nge.<\/p><hr \/><h2>Setzen Sie Cookies ein?<\/h2><p>Cookies sind kleine Textdateien, die im Rahmen Ihres Besuchs unserer Internetseiten von uns an den Browser Ihres Endger\u00e4ts gesendet und dort gespeichert werden. Alternativ zum Einsatz von Cookies k\u00f6nnen Informationen auch im lokalen Speicher (local storage) Ihres Browsers gespeichert werden. Einige Funktionen unserer Internetseite k\u00f6nnen ohne den Einsatz von Cookies bzw. local storage nicht angeboten werden (technisch notwendige Cookies). Andere Cookies erm\u00f6glichen uns hingegen verschiedene Analysen, sodass wir beispielsweise in der Lage sind, den von Ihnen verwendeten Browser bei einem erneuten Besuch unserer Webseite wiederzuerkennen und verschiedene Informationen an uns zu \u00fcbermitteln (nicht notwendige Cookies). Mithilfe von Cookies k\u00f6nnen wir unter anderem unser Internetangebot f\u00fcr Sie nutzerfreundlicher und effektiver gestalten, indem wir etwa Ihre Nutzung unserer Website nachvollziehen und Ihre bevorzugten Einstellungen (bspw. L\u00e4nder- und Spracheneinstellungen) feststellen. Sofern Dritte \u00fcber Cookies Informationen verarbeiten, erheben diese die Informationen direkt \u00fcber Ihren Browser. Cookies richten auf Ihrem Endger\u00e4t keinen Schaden an. Sie k\u00f6nnen keine Programme ausf\u00fchren und keine Viren enthalten.<\/p><p>\u00dcber die jeweiligen Dienste, f\u00fcr die wir Cookies einsetzen, informieren wir in den einzelnen Verarbeitungsvorg\u00e4ngen. Ausf\u00fchrliche Informationen zu den eingesetzten Cookies finden Sie in den Cookie-Einstellungen oder im Consent Manager dieser Website.<\/p><hr \/><h2>Welche Rechte habe ich?<\/h2><p>Unter den Voraussetzungen der gesetzlichen Vorschriften der Datenschutz-Grundverordnung (DSGVO) haben Sie als betroffene Person folgende Rechte:<\/p><ul><li><strong>Auskunft<\/strong>\u00a0gem. Art. 15 DSGVO \u00fcber die zu Ihrer Person gespeicherten Daten in Form von aussagekr\u00e4ftigen Informationen zu den Einzelheiten der Verarbeitung sowie eine Kopie Ihrer Daten;<\/li><li><strong>Berichtigung<\/strong>\u00a0gem. Art. 16 DSGVO von unrichtigen oder unvollst\u00e4ndigen Daten, die bei uns gespeichert sind;<\/li><li><strong>L<\/strong><strong>\u00f6<\/strong><strong>schung<\/strong>\u00a0gem. Art. 17 DSGVO der bei uns gespeicherten Daten, soweit die Verarbeitung nicht zur Aus\u00fcbung des Rechts auf freie Meinungs\u00e4u\u00dferung und Information, zur Erf\u00fcllung einer rechtlichen Verpflichtung, aus Gr\u00fcnden des \u00f6ffentlichen Interesses oder zur Geltendmachung, Aus\u00fcbung oder Verteidigung von Rechtsanspr\u00fcchen erforderlich ist;<\/li><li><strong>Einschr<\/strong><strong>\u00e4<\/strong><strong>nkung<\/strong>\u00a0der Verarbeitung gem. Art. 18 DSGVO, soweit die Richtigkeit der Daten bestritten wird, die Verarbeitung unrechtm\u00e4\u00dfig ist, wir die Daten nicht mehr ben\u00f6tigen und Sie deren L\u00f6schung ablehnen, weil Sie diese zur Geltendmachung, Aus\u00fcbung oder Verteidigung von Rechtsanspr\u00fcchen ben\u00f6tigen oder Sie Widerspruch gegen die Verarbeitung gem. Art. 21 DSGVO erhoben haben.<\/li><li><strong>Daten<\/strong><strong>\u00fc<\/strong><strong>bertragbarkeit<\/strong>\u00a0gem. Art. 20 DSGVO, soweit Sie uns personenbezogene Daten im Rahmen einer Einwilligung gem. Art. 6 Abs. 1 lit. a DSGVO oder auf Grundlage eines Vertrages gem. Art. 6 Abs. 1 lit. b DSGVO bereitgestellt haben und diese durch uns mithilfe automatisierter Verfahren verarbeitet wurden. Sie erhalten Ihre Daten in einem strukturierten, g\u00e4ngigen und maschinenlesbaren Format bzw. wir \u00fcbermitteln die Daten direkt an einen anderen Verantwortlichen, soweit dies technisch machbar ist.<\/li><li><strong>Widerspruch<\/strong>\u00a0gem. Art. 21 DSGVO gegen die Verarbeitung Ihrer personenbezogenen Daten, soweit diese auf Grundlage des Art. 6 Abs. 1 lit. e, f DSGVO erfolgt und daf\u00fcr Gr\u00fcnde vorliegen, die sich aus Ihrer besonderen Situation ergeben oder sich der Widerspruch gegen Direktwerbung richtet. Das Recht auf Widerspruch besteht nicht, wenn \u00fcberwiegende, zwingende schutzw\u00fcrdige Gr\u00fcnde f\u00fcr die Verarbeitung nachgewiesen werden oder die Verarbeitung zur Geltendmachung, Aus\u00fcbung oder Verteidigung von Rechtsanspr\u00fcchen erfolgt. Soweit das Recht auf Widerspruch bei einzelnen Verarbeitungsvorg\u00e4ngen nicht besteht, ist dies dort angegeben.<\/li><li><strong>Widerruf<\/strong>\u00a0gem. Art. 7 Abs. 3 DSGVO Ihrer erteilten Einwilligung mit Wirkung f\u00fcr die Zukunft.<\/li><li><strong>Beschwerde<\/strong>\u00a0gem. Art. 77 DSGVO bei einer Aufsichtsbeh\u00f6rde, wenn Sie der Ansicht sind, die Verarbeitung Ihrer personenbezogenen Daten verst\u00f6\u00dft gegen die DSGVO. In der Regel k\u00f6nnen Sie sich an die Aufsichtsbeh\u00f6rde Ihres \u00fcblichen Aufenthaltsortes, Ihres Arbeitsplatzes oder unseres Unternehmenssitzes wenden.<\/li><\/ul><hr \/><h2>Wie werden meine Daten im Einzelnen verarbeitet?<\/h2><p>Nachfolgend informieren wir Sie \u00fcber die einzelnen Verarbeitungsvorg\u00e4nge, den Umfang und den Zweck der Datenverarbeitung, die Rechtsgrundlage, die Pflicht zur Bereitstellung Ihrer Daten und die jeweilige Speicherdauer. Eine automatisierte Entscheidung im Einzelfall, einschlie\u00dflich Profiling findet nicht statt.<\/p><h3>Bereitstellung der Website<\/h3><p><strong>Art und Umfang der Verarbeitung<\/strong><br \/>Bei Aufruf und Nutzung unserer Website erheben wir die personenbezogenen Daten, die Ihr Browser automatisch an unseren Server \u00fcbermittelt. Die folgenden Informationen werden tempor\u00e4r in einem sog. Logfile gespeichert:<\/p><ul><li>IP-Adresse des anfragenden Rechners<\/li><li>Datum und Uhrzeit des Zugriffs<\/li><li>Name und URL der abgerufenen Datei<\/li><li>Website, von der aus der Zugriff erfolgt (Referrer-URL)<\/li><li>Verwendeter Browser und ggf. das Betriebssystem Ihres Rechners, sowie der Name Ihres Access-Providers<\/li><\/ul><p>Unsere Website wird nicht von uns selbst gehostet, sondern bei einem Dienstleister, der f\u00fcr den Zweck der die zuvor genannten Daten in unserem Auftrag gem. Art. 28 DSGVO verarbeitet.<\/p><p><strong>Zweck und Rechtsgrundlage<\/strong><br \/>Die Verarbeitung erfolgt zur Wahrung unseres \u00fcberwiegenden berechtigten Interesses zur Anzeige unserer Website und Gew\u00e4hrleistung der Sicherheit und Stabilit\u00e4t auf Grundlage des Art. 6 Abs. lit. f DSGVO. Die Erfassung der Daten und die Speicherung in Logfiles ist f\u00fcr den Betrieb der Website zwingend erforderlich. Ein Widerspruchsrecht gegen die Verarbeitung besteht aufgrund der Ausnahme nach Art. 21 Abs. 1 DSGVO nicht. Soweit die weitergehende Speicherung der Logfiles gesetzlich vorgeschrieben ist, erfolgt die Verarbeitung auf Grundlage des Art. 6 Abs. 1 lit. c DSGVO. Es besteht keine gesetzliche oder vertragliche Pflicht zur Bereitstellung der Daten, allerdings ist der Aufruf unserer Website ohne Bereitstellung der Daten technisch nicht m\u00f6glich.<\/p><p><strong>Speicherdauer<\/strong><br \/>Die vorgenannten Daten werden f\u00fcr die Dauer der Anzeige der Website sowie aus technischen Gr\u00fcnden dar\u00fcber hinaus f\u00fcr maximal 7 Tage gespeichert.<\/p><h3>Kontaktformular f\u00fcr Bewerber<\/h3><p><strong>Art und Umfang der Verarbeitung<\/strong><br \/>Wir erheben und verarbeiten die personenbezogenen Daten von Bewerbern. Entsprechende Datenverarbeitung kann dabei auch auf elektronischem Wege erfolgen, beispielsweise, wenn Bewerber Bewerbungsunterlagen per E-Mail oder \u00fcber ein auf unserer Website befindliches Webformular an uns \u00fcbermitteln. Auf unserer Webseite bieten wir Ihnen an, Bewerbungen zu ausgeschriebenen Stellenangeboten per E-Mail an uns zu \u00fcbermitteln.<\/p><p>Eine \u00fcber das aktuelle Bewerbungsverfahren hinausgehende Speicherung Ihrer Daten in einer Bewerberdatenbank erfolgt ebenfalls nur dann, wenn Sie uns hierzu Ihre gesonderte Einwilligung erteilt haben.<\/p><p><strong>Zweck und Rechtsgrundlage<\/strong><br \/>Die Verarbeitung Ihrer Daten im Zusammenhang mit Ihrer Bewerbung erfolgt zum Zweck der Bearbeitung Ihrer Bewerbung und Entscheidung \u00fcber die Begr\u00fcndung eines Besch\u00e4ftigungsverh\u00e4ltnisses auf Grundlage des \u00a7 26 BDSG. Im Falle der Weitergabe Ihrer Bewerbungsunterlagen an Dritte, insbesondere an mit uns verbundene Unternehmen, sowie der Speicherung Ihrer Daten \u00fcber das aktuelle Bewerbungsverfahren hinaus erfolgt die Verarbeitung Ihrer Daten auf Grundlage des Art. 6 Abs. 1 Satz 1 lit. a DSGVO. Es besteht keine gesetzliche oder vertragliche Pflicht zur Bereitstellung Ihrer Daten, jedoch ist die Bearbeitung Ihrer Bewerbung ohne die Bereitstellung der Informationen nicht m\u00f6glich.<\/p><p><strong>Speicherdauer<\/strong><br \/>Wir speichern die erhobenen Daten f\u00fcr die Dauer von sechs Monaten ab Datum der Besetzung der Position.<\/p><h3>Cookie Info Script<\/h3><p><strong>Art und Umfang der Verarbeitung<\/strong><br \/>Wir haben auf unserer Website Cookie Info Script integriert. Cookie Info Script ist eine Zustimmungsl\u00f6sung der Cookie Info Script, Barnerstr. 29, 22765 Hamburg, Germany, mit der die Einwilligung zur Speicherung von Cookies erhalten und dokumentiert werden kann. Cookie Info Script nutzt Cookies oder andere Web-Technologien, um Nutzer wiederzuerkennen und die erteilte oder widerrufene Einwilligung zu speichern.<\/p><p><strong>Zweck und Rechtsgrundlage<\/strong><br \/>Die Nutzung des Dienstes erfolgt auf Grundlage die gesetzlich vorgeschriebene Zustimmung zur Verwendung von Cookies zu erhalten gem\u00e4\u00df Art. 6 Abs. 1 lit. c. DSGVO.<\/p><p><strong>Speicherdauer<\/strong><br \/>Die konkrete Speicherdauer der verarbeiteten Daten ist nicht durch uns beeinflussbar, sondern wird von Cookie Info Script bestimmt. Weitere Hinweise finden Sie in der Datenschutzerkl\u00e4rung f\u00fcr Cookie Info Script:\u00a0<a href=\"https:\/\/cookieinfoscript.com\/legal.html\" target=\"_blank\" rel=\"noopener\">https:\/\/cookieinfoscript.com\/legal.html<\/a>.<\/p>\t\t\t\t\t\t\t\t<\/div>\n\t\t\t\t<\/div>\n\t\t\t\t\t<\/div>\n\t\t<\/div>\n\t\t\t\t\t<\/div>\n\t\t<\/section>\n\t\t\t\t<\/div>\n\t\t","protected":false},"excerpt":{"rendered":"<p>Datenschutz Wir freuen uns, dass Sie unsere Website besuchen. Der Schutz und die Sicherheit Ihrer pers\u00f6nlichen Informationen bei der Nutzung unserer Website ist f\u00fcr uns sehr wichtig. Wir m\u00f6chten Sie [&hellip;]<\/p>\n","protected":false},"author":2,"featured_media":0,"parent":0,"menu_order":0,"comment_status":"closed","ping_status":"closed","template":"","meta":{"footnotes":""},"class_list":["post-3083","page","type-page","status-publish","hentry"],"_links":{"self":[{"href":"https:\/\/eilof-gmbh.com\/en\/wp-json\/wp\/v2\/pages\/3083","targetHints":{"allow":["GET"]}}],"collection":[{"href":"https:\/\/eilof-gmbh.com\/en\/wp-json\/wp\/v2\/pages"}],"about":[{"href":"https:\/\/eilof-gmbh.com\/en\/wp-json\/wp\/v2\/types\/page"}],"author":[{"embeddable":true,"href":"https:\/\/eilof-gmbh.com\/en\/wp-json\/wp\/v2\/users\/2"}],"replies":[{"embeddable":true,"href":"https:\/\/eilof-gmbh.com\/en\/wp-json\/wp\/v2\/comments?post=3083"}],"version-history":[{"count":5,"href":"https:\/\/eilof-gmbh.com\/en\/wp-json\/wp\/v2\/pages\/3083\/revisions"}],"predecessor-version":[{"id":3197,"href":"https:\/\/eilof-gmbh.com\/en\/wp-json\/wp\/v2\/pages\/3083\/revisions\/3197"}],"wp:attachment":[{"href":"https:\/\/eilof-gmbh.com\/en\/wp-json\/wp\/v2\/media?parent=3083"}],"curies":[{"name":"wp","href":"https:\/\/api.w.org\/{rel}","templated":true}]}}